{"id":1222,"date":"2023-02-14T05:29:06","date_gmt":"2023-02-14T05:29:06","guid":{"rendered":"https:\/\/chingudojo.com\/?page_id=1222"},"modified":"2025-02-26T15:37:30","modified_gmt":"2025-02-26T15:37:30","slug":"def-personal","status":"publish","type":"page","link":"https:\/\/chingudojo.com\/index.php\/def-personal\/","title":{"rendered":"Def. Personal"},"content":{"rendered":"<p>[et_pb_section fb_built=\u00bb1&#8243; admin_label=\u00bbHeader\u00bb _builder_version=\u00bb4.16&#8243; _module_preset=\u00bbdefault\u00bb background_color=\u00bb#f2ebe4&#8243; global_colors_info=\u00bb{}\u00bb][et_pb_row _builder_version=\u00bb4.19.5&#8243; _module_preset=\u00bbdefault\u00bb custom_margin_tablet=\u00bb\u00bb custom_margin_phone=\u00bb||-50px||false|false\u00bb custom_margin_last_edited=\u00bbon|phone\u00bb global_colors_info=\u00bb{}\u00bb][et_pb_column type=\u00bb4_4&#8243; _builder_version=\u00bb4.19.5&#8243; _module_preset=\u00bbdefault\u00bb global_colors_info=\u00bb{}\u00bb][et_pb_text _builder_version=\u00bb4.19.5&#8243; _module_preset=\u00bbdefault\u00bb text_font=\u00bbPoppins|600|||||||\u00bb text_text_color=\u00bb#3e2b2f\u00bb text_font_size=\u00bb56px\u00bb text_line_height=\u00bb1.2em\u00bb custom_margin=\u00bb||50px|||\u00bb custom_margin_tablet=\u00bb||0px||false|false\u00bb custom_margin_phone=\u00bb||20px||false|false\u00bb custom_margin_last_edited=\u00bbon|phone\u00bb animation_style=\u00bbslide\u00bb animation_direction=\u00bbbottom\u00bb animation_intensity_slide=\u00bb10%\u00bb text_font_size_tablet=\u00bb56px\u00bb text_font_size_phone=\u00bb45px\u00bb text_font_size_last_edited=\u00bbon|desktop\u00bb global_colors_info=\u00bb{}\u00bb]<\/p>\n<p style=\"text-align: center;\">Nuestras<br \/>Actividades<\/p>\n<p>[\/et_pb_text][\/et_pb_column][\/et_pb_row][et_pb_row column_structure=\u00bb1_2,1_2&#8243; custom_padding_last_edited=\u00bbon|phone\u00bb _builder_version=\u00bb4.19.5&#8243; _module_preset=\u00bbdefault\u00bb background_color=\u00bb#f2ebe4&#8243; custom_margin=\u00bb40px|auto|40px|auto|true|false\u00bb custom_padding=\u00bb29px|60px|29px|60px|true|true\u00bb custom_padding_tablet=\u00bb40px|30px|40px|30px|true|true\u00bb custom_padding_phone=\u00bb|20px||20px|true|true\u00bb border_radii=\u00bbon|22px|22px|22px|22px\u00bb global_colors_info=\u00bb{}\u00bb][et_pb_column type=\u00bb1_2&#8243; _builder_version=\u00bb4.16&#8243; _module_preset=\u00bbdefault\u00bb global_colors_info=\u00bb{}\u00bb][et_pb_text _builder_version=\u00bb4.19.5&#8243; _module_preset=\u00bbdefault\u00bb text_font=\u00bbPoppins|500|||||||\u00bb text_text_color=\u00bb#3e2b2f\u00bb text_font_size=\u00bb44px\u00bb text_line_height=\u00bb1.2em\u00bb custom_margin=\u00bb||10px||false|false\u00bb animation_style=\u00bbslide\u00bb animation_direction=\u00bbleft\u00bb animation_intensity_slide=\u00bb5%\u00bb global_colors_info=\u00bb{}\u00bb]<\/p>\n<p style=\"text-align: left;\">Def. Personal<\/p>\n<p>[\/et_pb_text][et_pb_blurb image_icon_background_color=\u00bbRGBA(255,255,255,0)\u00bb _builder_version=\u00bb4.25.2&#8243; _module_preset=\u00bbdab8ae77-843d-4934-a7b3-8e57f832b52c\u00bb header_font=\u00bbDM Sans|700|||||||\u00bb header_text_color=\u00bb#3e2b2f\u00bb header_font_size=\u00bb25px\u00bb body_font=\u00bbDM Sans|700||on|||||\u00bb body_text_color=\u00bb#EF8451&#8243; body_letter_spacing=\u00bb1px\u00bb background_color=\u00bbRGBA(255,255,255,0)\u00bb text_orientation=\u00bbcenter\u00bb custom_margin=\u00bb||||false|false\u00bb custom_margin_tablet=\u00bb||||false|false\u00bb custom_margin_phone=\u00bb-30px|||-20px|false|false\u00bb custom_margin_last_edited=\u00bbon|phone\u00bb custom_padding=\u00bb||||false|true\u00bb custom_padding_tablet=\u00bb40px|20px|40px|20px|true|true\u00bb custom_padding_phone=\u00bb||0px||false|true\u00bb custom_padding_last_edited=\u00bbon|desktop\u00bb animation_style=\u00bbslide\u00bb animation_direction=\u00bbleft\u00bb animation_intensity_slide=\u00bb5%\u00bb border_color_all_image=\u00bbRGBA(255,255,255,0)\u00bb global_colors_info=\u00bb{}\u00bb]<\/p>\n<p style=\"text-align: left;\">Lunes, mi\u00e9rcoles y viernes<\/p>\n<p>[\/et_pb_blurb][et_pb_text _builder_version=\u00bb4.19.5&#8243; _module_preset=\u00bb5ff55506-da7d-4dd7-b409-9d62c7203201&#8243; text_font=\u00bbDM Sans||||||||\u00bb text_text_color=\u00bb#0F393B\u00bb text_font_size=\u00bb16px\u00bb text_line_height=\u00bb1.8em\u00bb custom_margin=\u00bb||||false|false\u00bb animation_style=\u00bbslide\u00bb animation_direction=\u00bbleft\u00bb animation_intensity_slide=\u00bb5%\u00bb text_font_size_tablet=\u00bb15px\u00bb text_font_size_phone=\u00bb14px\u00bb text_font_size_last_edited=\u00bbon|phone\u00bb header_font_size_tablet=\u00bb55px\u00bb header_font_size_last_edited=\u00bboff|desktop\u00bb locked=\u00bboff\u00bb global_colors_info=\u00bb{}\u00bb]<\/p>\n<p><span style=\"color: #3e2b2f;\">Es un conjunto de t\u00e9cnicas dise\u00f1adas para proteger a una persona de situaciones peligrosas o ataques f\u00edsicos. Puede incluir t\u00e9cnicas como golpes, patadas y bloqueos, as\u00ed como estrategias para evitar y manejar situaciones de confrontaci\u00f3n verbal.<\/span><\/p>\n<p><strong><\/strong><\/p>\n<p>[\/et_pb_text][et_pb_blurb image_icon_background_color=\u00bbRGBA(255,255,255,0)\u00bb _builder_version=\u00bb4.19.5&#8243; _module_preset=\u00bbdab8ae77-843d-4934-a7b3-8e57f832b52c\u00bb header_font=\u00bbDM Sans|700|||||||\u00bb header_text_color=\u00bb#3e2b2f\u00bb header_font_size=\u00bb25px\u00bb body_font=\u00bbDM Sans|700||on|||||\u00bb body_text_color=\u00bb#EF8451&#8243; body_letter_spacing=\u00bb1px\u00bb background_color=\u00bbRGBA(255,255,255,0)\u00bb text_orientation=\u00bbcenter\u00bb custom_margin=\u00bb||5px||false|false\u00bb custom_margin_tablet=\u00bb||5px||false|false\u00bb custom_margin_phone=\u00bb-50px|||-20px|false|false\u00bb custom_margin_last_edited=\u00bbon|phone\u00bb custom_padding=\u00bb|0px|0px|0px|false|true\u00bb custom_padding_tablet=\u00bb40px|20px|40px|20px|true|true\u00bb custom_padding_phone=\u00bb||0px||false|true\u00bb custom_padding_last_edited=\u00bbon|phone\u00bb animation_style=\u00bbslide\u00bb animation_direction=\u00bbleft\u00bb animation_intensity_slide=\u00bb5%\u00bb border_color_all_image=\u00bbRGBA(255,255,255,0)\u00bb global_colors_info=\u00bb{}\u00bb]<\/p>\n<p style=\"text-align: left;\">Profesor:<\/p>\n<p>[\/et_pb_blurb][et_pb_text _builder_version=\u00bb4.19.5&#8243; _module_preset=\u00bb5ff55506-da7d-4dd7-b409-9d62c7203201&#8243; text_font=\u00bbDM Sans||||||||\u00bb text_text_color=\u00bb#0F393B\u00bb text_font_size=\u00bb16px\u00bb text_line_height=\u00bb1.8em\u00bb custom_margin=\u00bb||||false|false\u00bb animation_style=\u00bbslide\u00bb animation_direction=\u00bbleft\u00bb animation_intensity_slide=\u00bb5%\u00bb text_font_size_tablet=\u00bb15px\u00bb text_font_size_phone=\u00bb14px\u00bb text_font_size_last_edited=\u00bbon|phone\u00bb header_font_size_tablet=\u00bb55px\u00bb header_font_size_last_edited=\u00bboff|desktop\u00bb locked=\u00bboff\u00bb global_colors_info=\u00bb{}\u00bb]<\/p>\n<p><strong><span style=\"color: #3e2b2f;\"><span style=\"color: #e09900;\"><b>\u00b7 <\/b><\/span>Marcelo Fuente<br \/><\/span><\/strong><\/p>\n<p><strong><\/strong><\/p>\n<p>[\/et_pb_text][et_pb_button button_url=\u00bbhttps:\/\/chingudojo.com\/index.php\/inscripcion\/\u00bb button_text=\u00bb\u00a1Inscribirme!\u00bb _builder_version=\u00bb4.19.5&#8243; _module_preset=\u00bb6414ef9f-e386-4555-a7b7-4544a239078b\u00bb custom_button=\u00bbon\u00bb button_text_size=\u00bb14px\u00bb button_text_color=\u00bb#ef8451&#8243; button_border_width=\u00bb1px\u00bb button_border_color=\u00bb#ef8451&#8243; button_border_radius=\u00bb37px\u00bb button_letter_spacing=\u00bb1px\u00bb button_font=\u00bbDM Sans|700||on|||||\u00bb custom_margin=\u00bb||20px||false|false\u00bb custom_padding=\u00bb15px|24px|12px|24px|false|true\u00bb animation_style=\u00bbslide\u00bb animation_direction=\u00bbleft\u00bb animation_intensity_slide=\u00bb5%\u00bb locked=\u00bboff\u00bb global_colors_info=\u00bb{}\u00bb button_text_color__hover_enabled=\u00bbon|hover\u00bb button_text_color__hover=\u00bb#FFFFFF\u00bb button_bg_color__hover_enabled=\u00bbon|hover\u00bb button_bg_color__hover=\u00bb#ef8451&#8243; button_bg_enable_color__hover=\u00bbon\u00bb][\/et_pb_button][\/et_pb_column][et_pb_column type=\u00bb1_2&#8243; _builder_version=\u00bb4.16&#8243; _module_preset=\u00bbdefault\u00bb global_colors_info=\u00bb{}\u00bb][et_pb_image src=\u00bbhttps:\/\/chingudojo.com\/wp-content\/uploads\/2023\/01\/NGO-img-02.png\u00bb title_text=\u00bbNGO-img-02&#8243; _builder_version=\u00bb4.16&#8243; _module_preset=\u00bbdefault\u00bb positioning=\u00bbabsolute\u00bb position_origin_a=\u00bbtop_right\u00bb vertical_offset=\u00bb242px\u00bb horizontal_offset=\u00bb117%\u00bb width=\u00bb35%\u00bb global_colors_info=\u00bb{}\u00bb][\/et_pb_image][et_pb_blurb title=\u00bblunes\u00bb use_icon=\u00bbon\u00bb font_icon=\u00bb&#x41;||divi||400&#8243; icon_color=\u00bb#ef8451&#8243; icon_placement=\u00bbleft\u00bb image_icon_width=\u00bb36px\u00bb content_max_width=\u00bb100%\u00bb _builder_version=\u00bb4.19.5&#8243; _module_preset=\u00bb8bdd7dc7-ca40-49d3-b3c2-31beda69b216&#8243; header_font=\u00bbDM Sans|700||on|||||\u00bb header_text_color=\u00bb#093532&#8243; header_font_size=\u00bb16px\u00bb body_font=\u00bbDM Sans||||||||\u00bb body_text_color=\u00bb#6b8483&#8243; body_font_size=\u00bb16px\u00bb body_line_height=\u00bb1.4em\u00bb background_color=\u00bb#FFFFFF\u00bb custom_margin=\u00bb||||false|false\u00bb custom_padding=\u00bb30px|30px|30px|30px|true|true\u00bb custom_padding_tablet=\u00bb|40px||40px|true|true\u00bb custom_padding_phone=\u00bb|20px||20px|true|true\u00bb custom_padding_last_edited=\u00bbon|phone\u00bb animation_style=\u00bbslide\u00bb animation_direction=\u00bbright\u00bb animation_intensity_slide=\u00bb5%\u00bb animation=\u00bboff\u00bb header_font_size_tablet=\u00bb\u00bb header_font_size_phone=\u00bb14px\u00bb header_font_size_last_edited=\u00bbon|phone\u00bb body_font_size_tablet=\u00bb\u00bb body_font_size_phone=\u00bb13px\u00bb body_font_size_last_edited=\u00bbon|phone\u00bb border_radii=\u00bbon|20px|20px|20px|20px\u00bb box_shadow_style=\u00bbpreset3&#8243; box_shadow_vertical=\u00bb40px\u00bb box_shadow_blur=\u00bb60px\u00bb box_shadow_spread=\u00bb-10px\u00bb box_shadow_color=\u00bbrgba(0,0,0,0.12)\u00bb image_max_width=\u00bb36px\u00bb global_colors_info=\u00bb{}\u00bb]<\/p>\n<p>19:00 a 20:00hs Turno Avanzados<\/p>\n<p>[\/et_pb_blurb][et_pb_blurb title=\u00bbMiercoles\u00bb use_icon=\u00bbon\u00bb font_icon=\u00bb&#x41;||divi||400&#8243; icon_color=\u00bb#ef8451&#8243; icon_placement=\u00bbleft\u00bb image_icon_width=\u00bb36px\u00bb content_max_width=\u00bb100%\u00bb _builder_version=\u00bb4.19.5&#8243; _module_preset=\u00bb8bdd7dc7-ca40-49d3-b3c2-31beda69b216&#8243; header_font=\u00bbDM Sans|700||on|||||\u00bb header_text_color=\u00bb#093532&#8243; header_font_size=\u00bb16px\u00bb body_font=\u00bbDM Sans||||||||\u00bb body_text_color=\u00bb#6b8483&#8243; body_font_size=\u00bb16px\u00bb body_line_height=\u00bb1.4em\u00bb background_color=\u00bb#FFFFFF\u00bb custom_margin=\u00bb||||false|false\u00bb custom_padding=\u00bb30px|30px|30px|30px|true|true\u00bb custom_padding_tablet=\u00bb|40px||40px|true|true\u00bb custom_padding_phone=\u00bb|20px||20px|true|true\u00bb custom_padding_last_edited=\u00bbon|phone\u00bb animation_style=\u00bbslide\u00bb animation_direction=\u00bbright\u00bb animation_intensity_slide=\u00bb5%\u00bb animation=\u00bboff\u00bb header_font_size_tablet=\u00bb\u00bb header_font_size_phone=\u00bb14px\u00bb header_font_size_last_edited=\u00bbon|phone\u00bb body_font_size_tablet=\u00bb\u00bb body_font_size_phone=\u00bb13px\u00bb body_font_size_last_edited=\u00bbon|phone\u00bb border_radii=\u00bbon|20px|20px|20px|20px\u00bb box_shadow_style=\u00bbpreset3&#8243; box_shadow_vertical=\u00bb40px\u00bb box_shadow_blur=\u00bb60px\u00bb box_shadow_spread=\u00bb-10px\u00bb box_shadow_color=\u00bbrgba(0,0,0,0.12)\u00bb image_max_width=\u00bb36px\u00bb global_colors_info=\u00bb{}\u00bb]<\/p>\n<p>19:00 a 20:00hs Turno Inicial y Avanzados<\/p>\n<p>[\/et_pb_blurb][et_pb_blurb title=\u00bbviernes\u00bb use_icon=\u00bbon\u00bb font_icon=\u00bb&#x41;||divi||400&#8243; icon_color=\u00bb#ef8451&#8243; icon_placement=\u00bbleft\u00bb image_icon_width=\u00bb36px\u00bb content_max_width=\u00bb100%\u00bb _builder_version=\u00bb4.19.5&#8243; _module_preset=\u00bb8bdd7dc7-ca40-49d3-b3c2-31beda69b216&#8243; header_font=\u00bbDM Sans|700||on|||||\u00bb header_text_color=\u00bb#093532&#8243; header_font_size=\u00bb16px\u00bb body_font=\u00bbDM Sans||||||||\u00bb body_text_color=\u00bb#6b8483&#8243; body_font_size=\u00bb16px\u00bb body_line_height=\u00bb1.4em\u00bb background_color=\u00bb#FFFFFF\u00bb custom_margin=\u00bb||||false|false\u00bb custom_padding=\u00bb30px|30px|30px|30px|true|true\u00bb custom_padding_tablet=\u00bb|40px||40px|true|true\u00bb custom_padding_phone=\u00bb|20px||20px|true|true\u00bb custom_padding_last_edited=\u00bbon|phone\u00bb animation_style=\u00bbslide\u00bb animation_direction=\u00bbright\u00bb animation_intensity_slide=\u00bb5%\u00bb animation=\u00bboff\u00bb header_font_size_tablet=\u00bb\u00bb header_font_size_phone=\u00bb14px\u00bb header_font_size_last_edited=\u00bbon|phone\u00bb body_font_size_tablet=\u00bb\u00bb body_font_size_phone=\u00bb13px\u00bb body_font_size_last_edited=\u00bbon|phone\u00bb border_radii=\u00bbon|20px|20px|20px|20px\u00bb box_shadow_style=\u00bbpreset3&#8243; box_shadow_vertical=\u00bb40px\u00bb box_shadow_blur=\u00bb60px\u00bb box_shadow_spread=\u00bb-10px\u00bb box_shadow_color=\u00bbrgba(0,0,0,0.12)\u00bb image_max_width=\u00bb36px\u00bb global_colors_info=\u00bb{}\u00bb]<\/p>\n<p>19:00 a 20:00hs Turno Inicial<\/p>\n<p>[\/et_pb_blurb][\/et_pb_column][\/et_pb_row][et_pb_row _builder_version=\u00bb4.19.5&#8243; _module_preset=\u00bbdefault\u00bb custom_margin=\u00bb60px|auto||auto||\u00bb global_colors_info=\u00bb{}\u00bb][et_pb_column type=\u00bb4_4&#8243; _builder_version=\u00bb4.19.5&#8243; _module_preset=\u00bbdefault\u00bb global_colors_info=\u00bb{}\u00bb][et_pb_text _builder_version=\u00bb4.19.5&#8243; _module_preset=\u00bbdefault\u00bb text_font=\u00bbPoppins|600|||||||\u00bb text_text_color=\u00bb#3e2b2f\u00bb text_font_size=\u00bb56px\u00bb text_line_height=\u00bb1.2em\u00bb custom_margin=\u00bb||0px||false|false\u00bb custom_margin_tablet=\u00bb||0px||false|false\u00bb custom_margin_phone=\u00bb||-10px||false|false\u00bb custom_margin_last_edited=\u00bbon|phone\u00bb animation_style=\u00bbslide\u00bb animation_direction=\u00bbbottom\u00bb animation_intensity_slide=\u00bb10%\u00bb text_font_size_tablet=\u00bb56px\u00bb text_font_size_phone=\u00bb45px\u00bb text_font_size_last_edited=\u00bbon|desktop\u00bb global_colors_info=\u00bb{}\u00bb]<\/p>\n<p style=\"text-align: center;\">\u00bfAlguna consulta?<\/p>\n<p>[\/et_pb_text][\/et_pb_column][\/et_pb_row][et_pb_row custom_padding_last_edited=\u00bbon|phone\u00bb _builder_version=\u00bb4.19.5&#8243; _module_preset=\u00bbdefault\u00bb module_alignment=\u00bbcenter\u00bb custom_padding=\u00bb|60px||60px|false|true\u00bb custom_padding_tablet=\u00bb\u00bb custom_padding_phone=\u00bb|20px||20px|false|true\u00bb global_colors_info=\u00bb{}\u00bb][et_pb_column type=\u00bb4_4&#8243; _builder_version=\u00bb4.19.5&#8243; _module_preset=\u00bbdefault\u00bb global_colors_info=\u00bb{}\u00bb][wpforms_selector form_id=\u00bb1250&#8243; _builder_version=\u00bb4.19.5&#8243; _module_preset=\u00bbdefault\u00bb module_alignment=\u00bbcenter\u00bb global_colors_info=\u00bb{}\u00bb][\/wpforms_selector][\/et_pb_column][\/et_pb_row][et_pb_row column_structure=\u00bb1_3,1_3,1_3&#8243; make_equal=\u00bbon\u00bb _builder_version=\u00bb4.19.5&#8243; _module_preset=\u00bbdefault\u00bb custom_margin=\u00bb||20px||false|false\u00bb custom_padding=\u00bb80px|||||\u00bb animation_style=\u00bbslide\u00bb animation_direction=\u00bbbottom\u00bb animation_intensity_slide=\u00bb10%\u00bb global_colors_info=\u00bb{}\u00bb][et_pb_column type=\u00bb1_3&#8243; _builder_version=\u00bb4.16&#8243; _module_preset=\u00bbdefault\u00bb background_color=\u00bb#FFFFFF\u00bb custom_padding=\u00bb24px|20px|24px|20px|true|true\u00bb border_radii=\u00bbon|14px|14px|14px|14px\u00bb box_shadow_style=\u00bbpreset3&#8243; box_shadow_vertical=\u00bb40px\u00bb box_shadow_blur=\u00bb60px\u00bb box_shadow_spread=\u00bb-10px\u00bb box_shadow_color=\u00bbrgba(3,86,92,0.11)\u00bb global_colors_info=\u00bb{}\u00bb][et_pb_blurb title=\u00bbCorreo\u00bb image=\u00bbhttps:\/\/chingudojo.com\/wp-content\/uploads\/2023\/02\/ngo-icon-16.png\u00bb icon_placement=\u00bbleft\u00bb image_icon_width=\u00bb80px\u00bb content_max_width=\u00bb100%\u00bb _builder_version=\u00bb4.19.5&#8243; _module_preset=\u00bb79535ac0-1492-4af9-aede-063513b7358b\u00bb header_font=\u00bbDM Sans||||||||\u00bb header_text_color=\u00bb#6b8483&#8243; header_font_size=\u00bb16px\u00bb header_letter_spacing=\u00bb1px\u00bb header_line_height=\u00bb1.3em\u00bb body_font=\u00bbDM Sans|700|||||||\u00bb body_text_color=\u00bb#093532&#8243; body_font_size=\u00bb13px\u00bb body_link_text_color=\u00bb#0F393B\u00bb animation=\u00bboff\u00bb image_max_width=\u00bb80px\u00bb global_colors_info=\u00bb{}\u00bb]soporte@chingudojo.com[\/et_pb_blurb][\/et_pb_column][et_pb_column type=\u00bb1_3&#8243; _builder_version=\u00bb4.16&#8243; _module_preset=\u00bbdefault\u00bb background_color=\u00bb#FFFFFF\u00bb custom_padding=\u00bb24px|20px|24px|20px|true|true\u00bb border_radii=\u00bbon|14px|14px|14px|14px\u00bb box_shadow_style=\u00bbpreset3&#8243; box_shadow_vertical=\u00bb40px\u00bb box_shadow_blur=\u00bb60px\u00bb box_shadow_spread=\u00bb-10px\u00bb box_shadow_color=\u00bbrgba(3,86,92,0.11)\u00bb global_colors_info=\u00bb{}\u00bb][et_pb_blurb title=\u00bbTel\u00e9fono\u00bb image=\u00bbhttps:\/\/chingudojo.com\/wp-content\/uploads\/2023\/02\/ngo-icon-18.png\u00bb icon_placement=\u00bbleft\u00bb image_icon_width=\u00bb80px\u00bb content_max_width=\u00bb100%\u00bb _builder_version=\u00bb4.19.5&#8243; _module_preset=\u00bb79535ac0-1492-4af9-aede-063513b7358b\u00bb header_font=\u00bbDM Sans||||||||\u00bb header_text_color=\u00bb#6b8483&#8243; header_font_size=\u00bb16px\u00bb header_letter_spacing=\u00bb1px\u00bb header_line_height=\u00bb1.3em\u00bb body_font=\u00bbDM Sans|700|||||||\u00bb body_text_color=\u00bb#093532&#8243; body_font_size=\u00bb13px\u00bb body_link_text_color=\u00bb#0F393B\u00bb animation=\u00bboff\u00bb image_max_width=\u00bb80px\u00bb locked=\u00bboff\u00bb global_colors_info=\u00bb{}\u00bb]<\/p>\n<p>(261) 254-3442<\/p>\n<p>[\/et_pb_blurb][\/et_pb_column][et_pb_column type=\u00bb1_3&#8243; _builder_version=\u00bb4.16&#8243; _module_preset=\u00bbdefault\u00bb background_color=\u00bb#FFFFFF\u00bb custom_padding=\u00bb24px|20px|24px|20px|true|true\u00bb border_radii=\u00bbon|14px|14px|14px|14px\u00bb box_shadow_style=\u00bbpreset3&#8243; box_shadow_vertical=\u00bb40px\u00bb box_shadow_blur=\u00bb60px\u00bb box_shadow_spread=\u00bb-10px\u00bb box_shadow_color=\u00bbrgba(3,86,92,0.11)\u00bb global_colors_info=\u00bb{}\u00bb][et_pb_blurb title=\u00bbDirecci\u00f3n\u00bb image=\u00bbhttps:\/\/chingudojo.com\/wp-content\/uploads\/2023\/02\/ngo-icon-17.png\u00bb icon_placement=\u00bbleft\u00bb image_icon_width=\u00bb80px\u00bb content_max_width=\u00bb100%\u00bb _builder_version=\u00bb4.16&#8243; _module_preset=\u00bb79535ac0-1492-4af9-aede-063513b7358b\u00bb header_font=\u00bbDM Sans||||||||\u00bb header_text_color=\u00bb#6b8483&#8243; header_font_size=\u00bb16px\u00bb header_letter_spacing=\u00bb1px\u00bb header_line_height=\u00bb1.3em\u00bb body_font=\u00bbDM Sans|700|||||||\u00bb body_text_color=\u00bb#093532&#8243; body_font_size=\u00bb13px\u00bb body_link_text_color=\u00bb#0F393B\u00bb animation=\u00bboff\u00bb image_max_width=\u00bb80px\u00bb locked=\u00bboff\u00bb global_colors_info=\u00bb{}\u00bb]<\/p>\n<p><span>Jorge A. Calle 66,<br \/>Ciudad, Mendoza<\/span><\/p>\n<p>[\/et_pb_blurb][\/et_pb_column][\/et_pb_row][\/et_pb_section]<\/p>\n","protected":false},"excerpt":{"rendered":"<p>NuestrasActividadesDef. PersonalLunes, mi\u00e9rcoles y viernesEs un conjunto de t\u00e9cnicas dise\u00f1adas para proteger a una persona de situaciones peligrosas o ataques f\u00edsicos. Puede incluir t\u00e9cnicas como golpes, patadas y bloqueos, as\u00ed como estrategias para evitar y manejar situaciones de confrontaci\u00f3n verbal. Profesor:\u00b7 Marcelo Fuente 19:00 a 20:00hs Turno Avanzados19:00 a 20:00hs Turno Inicial y Avanzados19:00 a [&hellip;]<\/p>\n","protected":false},"author":2,"featured_media":0,"parent":0,"menu_order":0,"comment_status":"closed","ping_status":"closed","template":"","meta":{"_et_pb_use_builder":"on","_et_pb_old_content":"","_et_gb_content_width":"","footnotes":""},"class_list":["post-1222","page","type-page","status-publish","hentry"],"_links":{"self":[{"href":"https:\/\/chingudojo.com\/index.php\/wp-json\/wp\/v2\/pages\/1222","targetHints":{"allow":["GET"]}}],"collection":[{"href":"https:\/\/chingudojo.com\/index.php\/wp-json\/wp\/v2\/pages"}],"about":[{"href":"https:\/\/chingudojo.com\/index.php\/wp-json\/wp\/v2\/types\/page"}],"author":[{"embeddable":true,"href":"https:\/\/chingudojo.com\/index.php\/wp-json\/wp\/v2\/users\/2"}],"replies":[{"embeddable":true,"href":"https:\/\/chingudojo.com\/index.php\/wp-json\/wp\/v2\/comments?post=1222"}],"version-history":[{"count":12,"href":"https:\/\/chingudojo.com\/index.php\/wp-json\/wp\/v2\/pages\/1222\/revisions"}],"predecessor-version":[{"id":1342,"href":"https:\/\/chingudojo.com\/index.php\/wp-json\/wp\/v2\/pages\/1222\/revisions\/1342"}],"wp:attachment":[{"href":"https:\/\/chingudojo.com\/index.php\/wp-json\/wp\/v2\/media?parent=1222"}],"curies":[{"name":"wp","href":"https:\/\/api.w.org\/{rel}","templated":true}]}}