{"id":1296,"date":"2023-11-06T18:29:22","date_gmt":"2023-11-06T18:29:22","guid":{"rendered":"https:\/\/chingudojo.com\/?page_id=1296"},"modified":"2024-06-20T23:16:34","modified_gmt":"2024-06-20T23:16:34","slug":"1296-2","status":"publish","type":"page","link":"https:\/\/chingudojo.com\/index.php\/1296-2\/","title":{"rendered":"Asociaci\u00f3n"},"content":{"rendered":"<p>[et_pb_section fb_built=\u00bb1&#8243; admin_label=\u00bbHeader\u00bb _builder_version=\u00bb4.22.2&#8243; _module_preset=\u00bbdefault\u00bb background_color=\u00bb#f5f3ee\u00bb global_colors_info=\u00bb{}\u00bb][et_pb_row column_structure=\u00bb1_2,1_2&#8243; _builder_version=\u00bb4.22.2&#8243; _module_preset=\u00bbdefault\u00bb global_colors_info=\u00bb{}\u00bb][et_pb_column type=\u00bb1_2&#8243; _builder_version=\u00bb4.16&#8243; _module_preset=\u00bbdefault\u00bb global_colors_info=\u00bb{}\u00bb][et_pb_text _builder_version=\u00bb4.16&#8243; _module_preset=\u00bb534cc526-6274-4e31-9e1a-7f18a5947bf1&#8243; header_4_font=\u00bbDM Sans|700||on|||||\u00bb header_4_text_color=\u00bb#EF8451&#8243; header_4_font_size=\u00bb14px\u00bb header_4_letter_spacing=\u00bb1px\u00bb header_4_line_height=\u00bb1.5em\u00bb custom_margin=\u00bb||0px||false|false\u00bb header_4_font_size_tablet=\u00bb14px\u00bb header_4_font_size_phone=\u00bb\u00bb header_4_font_size_last_edited=\u00bbon|tablet\u00bb locked=\u00bboff\u00bb global_colors_info=\u00bb{}\u00bb]<\/p>\n<h4>Nuestra asociaci\u00f3n<\/h4>\n<p>[\/et_pb_text][et_pb_text _builder_version=\u00bb4.16&#8243; _module_preset=\u00bbdf96b77a-cd4f-44a8-a771-2d6347592b53&#8243; header_2_font=\u00bbDM Sans||||||||\u00bb header_2_text_color=\u00bb#093532&#8243; header_2_font_size=\u00bb50px\u00bb header_2_letter_spacing=\u00bb-0.02em\u00bb header_2_line_height=\u00bb1.15em\u00bb header_2_font_size_tablet=\u00bb32px\u00bb header_2_font_size_phone=\u00bb20px\u00bb header_2_font_size_last_edited=\u00bbon|desktop\u00bb locked=\u00bboff\u00bb global_colors_info=\u00bb{}\u00bb]<\/p>\n<h2>AMDEP &amp; PRES<\/h2>\n<p>[\/et_pb_text][et_pb_text _builder_version=\u00bb4.22.2&#8243; _module_preset=\u00bb5ff55506-da7d-4dd7-b409-9d62c7203201&#8243; text_font=\u00bbDM Sans||||||||\u00bb text_text_color=\u00bb#0F393B\u00bb text_font_size=\u00bb16px\u00bb text_line_height=\u00bb1.8em\u00bb custom_margin=\u00bb||22px|||\u00bb text_font_size_tablet=\u00bb15px\u00bb text_font_size_phone=\u00bb14px\u00bb text_font_size_last_edited=\u00bbon|phone\u00bb header_font_size_tablet=\u00bb55px\u00bb header_font_size_last_edited=\u00bboff|desktop\u00bb locked=\u00bboff\u00bb global_colors_info=\u00bb{}\u00bb]<\/p>\n<p>Somos una Asociaci\u00f3n sin fines de lucro. Transmitimos la ense\u00f1anza de defensa personal y prevenci\u00f3n en seguridad a trav\u00e9s de nuestro dojo \u00abChingu\u00bb desde una \u00f3ptica distinta, porque nos basamos en resaltar los valores y derechos humanos, el marco legal y la autodisciplina entre otros.<\/p>\n<p>Nuestros valores:<\/p>\n<p>[\/et_pb_text][et_pb_blurb title=\u00bbsolidaridad\u00bb use_icon=\u00bbon\u00bb font_icon=\u00bb&#x4e;||divi||400&#8243; icon_color=\u00bb#ef8451&#8243; icon_placement=\u00bbleft\u00bb image_icon_width=\u00bb30px\u00bb content_max_width=\u00bb100%\u00bb _builder_version=\u00bb4.22.2&#8243; _module_preset=\u00bba947262d-0701-4077-825d-1385639c524f\u00bb header_font=\u00bbDM Sans|700||on|||||\u00bb header_text_color=\u00bb#093532&#8243; header_font_size=\u00bb16px\u00bb body_font=\u00bbDM Sans||||||||\u00bb body_text_color=\u00bb#6b8483&#8243; body_font_size=\u00bb16px\u00bb body_line_height=\u00bb1.6em\u00bb image_icon_custom_margin=\u00bb-5px||||false|false\u00bb custom_margin=\u00bb||15px|||\u00bb animation=\u00bboff\u00bb header_font_size_tablet=\u00bb\u00bb header_font_size_phone=\u00bb14px\u00bb header_font_size_last_edited=\u00bbon|phone\u00bb locked=\u00bboff\u00bb global_colors_info=\u00bb{}\u00bb][\/et_pb_blurb][et_pb_blurb title=\u00bbCompromiso\u00bb use_icon=\u00bbon\u00bb font_icon=\u00bb&#x4e;||divi||400&#8243; icon_color=\u00bb#ef8451&#8243; icon_placement=\u00bbleft\u00bb image_icon_width=\u00bb30px\u00bb content_max_width=\u00bb100%\u00bb _builder_version=\u00bb4.22.2&#8243; _module_preset=\u00bba947262d-0701-4077-825d-1385639c524f\u00bb header_font=\u00bbDM Sans|700||on|||||\u00bb header_text_color=\u00bb#093532&#8243; header_font_size=\u00bb16px\u00bb body_font=\u00bbDM Sans||||||||\u00bb body_text_color=\u00bb#6b8483&#8243; body_font_size=\u00bb16px\u00bb body_line_height=\u00bb1.6em\u00bb image_icon_custom_margin=\u00bb-5px||||false|false\u00bb custom_margin=\u00bb||14px|||\u00bb animation=\u00bboff\u00bb header_font_size_tablet=\u00bb\u00bb header_font_size_phone=\u00bb14px\u00bb header_font_size_last_edited=\u00bbon|phone\u00bb locked=\u00bboff\u00bb global_colors_info=\u00bb{}\u00bb][\/et_pb_blurb][et_pb_blurb title=\u00bbRespeto\u00bb use_icon=\u00bbon\u00bb font_icon=\u00bb&#x4e;||divi||400&#8243; icon_color=\u00bb#ef8451&#8243; icon_placement=\u00bbleft\u00bb image_icon_width=\u00bb30px\u00bb content_max_width=\u00bb100%\u00bb _builder_version=\u00bb4.22.2&#8243; _module_preset=\u00bba947262d-0701-4077-825d-1385639c524f\u00bb header_font=\u00bbDM Sans|700||on|||||\u00bb header_text_color=\u00bb#093532&#8243; header_font_size=\u00bb16px\u00bb body_font=\u00bbDM Sans||||||||\u00bb body_text_color=\u00bb#6b8483&#8243; body_font_size=\u00bb16px\u00bb body_line_height=\u00bb1.6em\u00bb image_icon_custom_margin=\u00bb-5px||||false|false\u00bb animation=\u00bboff\u00bb header_font_size_tablet=\u00bb\u00bb header_font_size_phone=\u00bb14px\u00bb header_font_size_last_edited=\u00bbon|phone\u00bb locked=\u00bboff\u00bb global_colors_info=\u00bb{}\u00bb][\/et_pb_blurb][\/et_pb_column][et_pb_column type=\u00bb1_2&#8243; _builder_version=\u00bb4.16&#8243; _module_preset=\u00bbdefault\u00bb global_colors_info=\u00bb{}\u00bb][et_pb_image src=\u00bbhttps:\/\/chingudojo.com\/wp-content\/uploads\/2023\/11\/ngo-illustration-Artboard-10.png\u00bb title_text=\u00bbngo-illustration-Artboard 10&#8243; _builder_version=\u00bb4.25.2&#8243; _module_preset=\u00bbdefault\u00bb width_tablet=\u00bb59%\u00bb width_phone=\u00bb59%\u00bb width_last_edited=\u00bbon|tablet\u00bb module_alignment=\u00bbcenter\u00bb hover_enabled=\u00bb0&#8243; module_alignment_tablet=\u00bbcenter\u00bb module_alignment_phone=\u00bbcenter\u00bb module_alignment_last_edited=\u00bbon|desktop\u00bb locked=\u00bboff\u00bb global_colors_info=\u00bb{}\u00bb width=\u00bb91%\u00bb sticky_enabled=\u00bb0&#8243;][\/et_pb_image][\/et_pb_column][\/et_pb_row][\/et_pb_section][et_pb_section fb_built=\u00bb1&#8243; admin_label=\u00bbMission\u00bb _builder_version=\u00bb4.16&#8243; _module_preset=\u00bbdefault\u00bb background_color=\u00bb#f5f3ee\u00bb custom_padding=\u00bb||26px|||\u00bb global_colors_info=\u00bb{}\u00bb][et_pb_row column_structure=\u00bb1_2,1_2&#8243; custom_padding_last_edited=\u00bbon|tablet\u00bb _builder_version=\u00bb4.16&#8243; _module_preset=\u00bbdefault\u00bb background_color=\u00bb#2a6355&#8243; overflow-x=\u00bbvisible\u00bb overflow-y=\u00bbvisible\u00bb custom_padding=\u00bb40px|40px|40px|40px|true|true\u00bb custom_padding_tablet=\u00bb|30px||30px|true|true\u00bb custom_padding_phone=\u00bb|20px||20px|false|true\u00bb border_radii=\u00bbon|20px|20px|20px|20px\u00bb global_colors_info=\u00bb{}\u00bb][et_pb_column type=\u00bb1_2&#8243; _builder_version=\u00bb4.16&#8243; _module_preset=\u00bbdefault\u00bb global_colors_info=\u00bb{}\u00bb][et_pb_blurb title=\u00bbNuestra Misi\u00f3n\u00bb image=\u00bbhttps:\/\/chingudojo.com\/wp-content\/uploads\/2023\/11\/ngo-icon-09.png\u00bb icon_alignment=\u00bbleft\u00bb content_max_width=\u00bb100%\u00bb _builder_version=\u00bb4.16&#8243; _module_preset=\u00bb58e41a12-d2dc-4bc3-82a3-e7e2a77a32bd\u00bb header_font=\u00bbDM Sans|700|||||||\u00bb header_text_color=\u00bb#FFFFFF\u00bb header_font_size=\u00bb20px\u00bb header_line_height=\u00bb1.2em\u00bb body_font=\u00bbDM Sans||||||||\u00bb body_text_color=\u00bb#F2EBE4&#8243; body_font_size=\u00bb16px\u00bb custom_margin=\u00bb||||false|false\u00bb custom_padding=\u00bb||||false|false\u00bb animation=\u00bboff\u00bb header_font_size_tablet=\u00bb18px\u00bb header_font_size_phone=\u00bb16px\u00bb header_font_size_last_edited=\u00bbon|desktop\u00bb body_font_size_tablet=\u00bb15px\u00bb body_font_size_phone=\u00bb13px\u00bb body_font_size_last_edited=\u00bbon|phone\u00bb border_width_bottom=\u00bb0px\u00bb border_color_bottom=\u00bbrgba(0,0,0,0.12)\u00bb global_colors_info=\u00bb{}\u00bb]<\/p>\n<p>Promover y ense\u00f1ar t\u00e9cnicas de autodefensa, fomentar la seguridad personal para que puedan protegerse a s\u00ed mismas en situaciones de peligro, pero siempre impartiendo conceptos en contra de la violencia y transmitiendo valores personales, autodisciplina, derechos humanos. Tambi\u00e9n informar sobre los marcos legales existentes en materia de autodefensa.<\/p>\n<p>[\/et_pb_blurb][\/et_pb_column][et_pb_column type=\u00bb1_2&#8243; _builder_version=\u00bb4.16&#8243; _module_preset=\u00bbdefault\u00bb global_colors_info=\u00bb{}\u00bb][et_pb_blurb title=\u00bbNuestra visi\u00f3n\u00bb image=\u00bbhttps:\/\/chingudojo.com\/wp-content\/uploads\/2023\/11\/ngo-icon-02.png\u00bb icon_alignment=\u00bbleft\u00bb content_max_width=\u00bb100%\u00bb _builder_version=\u00bb4.16&#8243; _module_preset=\u00bb58e41a12-d2dc-4bc3-82a3-e7e2a77a32bd\u00bb header_font=\u00bbDM Sans|700|||||||\u00bb header_text_color=\u00bb#FFFFFF\u00bb header_font_size=\u00bb20px\u00bb header_line_height=\u00bb1.2em\u00bb body_font=\u00bbDM Sans||||||||\u00bb body_text_color=\u00bb#F2EBE4&#8243; body_font_size=\u00bb16px\u00bb custom_margin=\u00bb||||false|false\u00bb custom_padding=\u00bb||||false|false\u00bb animation=\u00bboff\u00bb header_font_size_tablet=\u00bb18px\u00bb header_font_size_phone=\u00bb16px\u00bb header_font_size_last_edited=\u00bbon|desktop\u00bb body_font_size_tablet=\u00bb15px\u00bb body_font_size_phone=\u00bb13px\u00bb body_font_size_last_edited=\u00bbon|phone\u00bb border_width_bottom=\u00bb0px\u00bb border_color_bottom=\u00bbrgba(0,0,0,0.12)\u00bb locked=\u00bboff\u00bb global_colors_info=\u00bb{}\u00bb]<\/p>\n<p>Crear una sociedad en la que todas las personas tengan el conocimiento y las habilidades necesarias para protegerse a s\u00ed mismas, promoviendo un entorno seguro y libre de violencia. Tambi\u00e9n pueden aspirar a ser l\u00edderes en la promoci\u00f3n de la autodefensa como un derecho fundamental y trabajar en colaboraci\u00f3n con otras organizaciones para lograr un impacto positivo en\u00a0la\u00a0comunidad.<\/p>\n<p>[\/et_pb_blurb][et_pb_image src=\u00bbhttps:\/\/chingudojo.com\/wp-content\/uploads\/2023\/01\/NGO-img-02.png\u00bb title_text=\u00bbNGO-img-02&#8243; _builder_version=\u00bb4.16&#8243; _module_preset=\u00bbdefault\u00bb positioning=\u00bbabsolute\u00bb position_origin_a=\u00bbtop_right\u00bb position_origin_a_last_edited=\u00bboff|desktop\u00bb position_origin_f_last_edited=\u00bboff|desktop\u00bb position_origin_r_last_edited=\u00bboff|desktop\u00bb width=\u00bb60%\u00bb width_last_edited=\u00bboff|tablet\u00bb custom_margin=\u00bb-20%|-40%|||false|false\u00bb custom_margin_tablet=\u00bb94px||-135px||false|false\u00bb custom_margin_phone=\u00bb115px||-110px||false|false\u00bb custom_margin_last_edited=\u00bboff|desktop\u00bb positioning_tablet=\u00bbnone\u00bb positioning_last_edited=\u00bboff|desktop\u00bb global_colors_info=\u00bb{}\u00bb][\/et_pb_image][\/et_pb_column][\/et_pb_row][\/et_pb_section][et_pb_section fb_built=\u00bb1&#8243; admin_label=\u00bbFeatures\u00bb _builder_version=\u00bb4.22.2&#8243; _module_preset=\u00bbdefault\u00bb background_color=\u00bb#f5f3ee\u00bb custom_padding=\u00bb19px||80px|||\u00bb global_colors_info=\u00bb{}\u00bb][et_pb_row custom_padding_last_edited=\u00bbon|phone\u00bb _builder_version=\u00bb4.22.2&#8243; _module_preset=\u00bbdefault\u00bb background_color=\u00bb#f2ebe4&#8243; width=\u00bb90%\u00bb overflow-x=\u00bbvisible\u00bb overflow-y=\u00bbvisible\u00bb custom_padding=\u00bb60px|60px|60px|60px|true|true\u00bb custom_padding_tablet=\u00bb40px|30px|40px|30px|true|true\u00bb custom_padding_phone=\u00bb|20px||20px|true|true\u00bb border_radii=\u00bbon|20px|20px|20px|20px\u00bb global_colors_info=\u00bb{}\u00bb][et_pb_column type=\u00bb4_4&#8243; _builder_version=\u00bb4.16&#8243; _module_preset=\u00bbdefault\u00bb global_colors_info=\u00bb{}\u00bb][et_pb_text _builder_version=\u00bb4.22.2&#8243; _module_preset=\u00bb534cc526-6274-4e31-9e1a-7f18a5947bf1&#8243; header_4_font=\u00bbDM Sans|700||on|||||\u00bb header_4_text_color=\u00bb#EF8451&#8243; header_4_font_size=\u00bb14px\u00bb header_4_letter_spacing=\u00bb1px\u00bb header_4_line_height=\u00bb1.5em\u00bb custom_margin=\u00bb||0px||false|false\u00bb header_4_font_size_tablet=\u00bb14px\u00bb header_4_font_size_phone=\u00bb\u00bb header_4_font_size_last_edited=\u00bbon|tablet\u00bb locked=\u00bboff\u00bb global_colors_info=\u00bb{}\u00bb]<\/p>\n<h4 style=\"text-align: center;\">Nuestra asociaci\u00f3n<\/h4>\n<p>[\/et_pb_text][et_pb_text _builder_version=\u00bb4.22.2&#8243; _module_preset=\u00bbdf96b77a-cd4f-44a8-a771-2d6347592b53&#8243; header_2_font=\u00bbDM Sans||||||||\u00bb header_2_text_color=\u00bb#093532&#8243; header_2_font_size=\u00bb50px\u00bb header_2_letter_spacing=\u00bb-0.02em\u00bb header_2_line_height=\u00bb1.15em\u00bb header_2_font_size_tablet=\u00bb32px\u00bb header_2_font_size_phone=\u00bb20px\u00bb header_2_font_size_last_edited=\u00bbon|desktop\u00bb locked=\u00bboff\u00bb global_colors_info=\u00bb{}\u00bb]<\/p>\n<h2 style=\"text-align: center;\">Nuestro compromiso<\/h2>\n<p>[\/et_pb_text][et_pb_text _builder_version=\u00bb4.22.2&#8243; _module_preset=\u00bb5ff55506-da7d-4dd7-b409-9d62c7203201&#8243; text_font=\u00bbDM Sans||||||||\u00bb text_text_color=\u00bb#0F393B\u00bb text_font_size=\u00bb16px\u00bb text_line_height=\u00bb1.8em\u00bb text_font_size_tablet=\u00bb15px\u00bb text_font_size_phone=\u00bb14px\u00bb text_font_size_last_edited=\u00bbon|phone\u00bb header_font_size_tablet=\u00bb55px\u00bb header_font_size_last_edited=\u00bboff|desktop\u00bb locked=\u00bboff\u00bb global_colors_info=\u00bb{}\u00bb]<\/p>\n<p style=\"text-align: center;\">Esta asociaci\u00f3n de defensa personal, se compromete a impartir conocimientos de autodefensa, promoviendo la conciencia sobre la importancia de la seguridad personal, basada siempre en el respeto a los valores humanos, la autodisciplina y los derechos humanos. Teniendo un enfoque integral, dedicaci\u00f3n a la prevenci\u00f3n y educaci\u00f3n, alianzas estrat\u00e9gicas, enfoque en lo individual y colectivo, y capacidad de innovaci\u00f3n y adaptabilidad.<\/p>\n<p>[\/et_pb_text][\/et_pb_column][\/et_pb_row][et_pb_row column_structure=\u00bb1_3,1_3,1_3&#8243; make_equal=\u00bbon\u00bb _builder_version=\u00bb4.19.5&#8243; _module_preset=\u00bbdefault\u00bb custom_margin=\u00bb||20px||false|false\u00bb custom_padding=\u00bb80px|||||\u00bb animation_style=\u00bbslide\u00bb animation_direction=\u00bbbottom\u00bb animation_intensity_slide=\u00bb10%\u00bb global_colors_info=\u00bb{}\u00bb][et_pb_column type=\u00bb1_3&#8243; _builder_version=\u00bb4.16&#8243; _module_preset=\u00bbdefault\u00bb background_color=\u00bb#FFFFFF\u00bb custom_padding=\u00bb24px|20px|24px|20px|true|true\u00bb border_radii=\u00bbon|14px|14px|14px|14px\u00bb box_shadow_style=\u00bbpreset3&#8243; box_shadow_vertical=\u00bb40px\u00bb box_shadow_blur=\u00bb60px\u00bb box_shadow_spread=\u00bb-10px\u00bb box_shadow_color=\u00bbrgba(3,86,92,0.11)\u00bb global_colors_info=\u00bb{}\u00bb][et_pb_blurb title=\u00bbCorreo\u00bb image=\u00bbhttps:\/\/chingudojo.com\/wp-content\/uploads\/2023\/02\/ngo-icon-16.png\u00bb icon_placement=\u00bbleft\u00bb image_icon_width=\u00bb80px\u00bb content_max_width=\u00bb100%\u00bb _builder_version=\u00bb4.19.5&#8243; _module_preset=\u00bb79535ac0-1492-4af9-aede-063513b7358b\u00bb header_font=\u00bbDM Sans||||||||\u00bb header_text_color=\u00bb#6b8483&#8243; header_font_size=\u00bb16px\u00bb header_letter_spacing=\u00bb1px\u00bb header_line_height=\u00bb1.3em\u00bb body_font=\u00bbDM Sans|700|||||||\u00bb body_text_color=\u00bb#093532&#8243; body_font_size=\u00bb13px\u00bb body_link_text_color=\u00bb#0F393B\u00bb animation=\u00bboff\u00bb image_max_width=\u00bb80px\u00bb global_colors_info=\u00bb{}\u00bb]soporte@chingudojo.com[\/et_pb_blurb][\/et_pb_column][et_pb_column type=\u00bb1_3&#8243; _builder_version=\u00bb4.16&#8243; _module_preset=\u00bbdefault\u00bb background_color=\u00bb#FFFFFF\u00bb custom_padding=\u00bb24px|20px|24px|20px|true|true\u00bb border_radii=\u00bbon|14px|14px|14px|14px\u00bb box_shadow_style=\u00bbpreset3&#8243; box_shadow_vertical=\u00bb40px\u00bb box_shadow_blur=\u00bb60px\u00bb box_shadow_spread=\u00bb-10px\u00bb box_shadow_color=\u00bbrgba(3,86,92,0.11)\u00bb global_colors_info=\u00bb{}\u00bb][et_pb_blurb title=\u00bbTel\u00e9fono\u00bb image=\u00bbhttps:\/\/chingudojo.com\/wp-content\/uploads\/2023\/02\/ngo-icon-18.png\u00bb icon_placement=\u00bbleft\u00bb image_icon_width=\u00bb80px\u00bb content_max_width=\u00bb100%\u00bb _builder_version=\u00bb4.19.5&#8243; _module_preset=\u00bb79535ac0-1492-4af9-aede-063513b7358b\u00bb header_font=\u00bbDM Sans||||||||\u00bb header_text_color=\u00bb#6b8483&#8243; header_font_size=\u00bb16px\u00bb header_letter_spacing=\u00bb1px\u00bb header_line_height=\u00bb1.3em\u00bb body_font=\u00bbDM Sans|700|||||||\u00bb body_text_color=\u00bb#093532&#8243; body_font_size=\u00bb13px\u00bb body_link_text_color=\u00bb#0F393B\u00bb animation=\u00bboff\u00bb image_max_width=\u00bb80px\u00bb locked=\u00bboff\u00bb global_colors_info=\u00bb{}\u00bb]<\/p>\n<p>(261) 254-3442<\/p>\n<p>[\/et_pb_blurb][\/et_pb_column][et_pb_column type=\u00bb1_3&#8243; _builder_version=\u00bb4.16&#8243; _module_preset=\u00bbdefault\u00bb background_color=\u00bb#FFFFFF\u00bb custom_padding=\u00bb24px|20px|24px|20px|true|true\u00bb border_radii=\u00bbon|14px|14px|14px|14px\u00bb box_shadow_style=\u00bbpreset3&#8243; box_shadow_vertical=\u00bb40px\u00bb box_shadow_blur=\u00bb60px\u00bb box_shadow_spread=\u00bb-10px\u00bb box_shadow_color=\u00bbrgba(3,86,92,0.11)\u00bb global_colors_info=\u00bb{}\u00bb][et_pb_blurb title=\u00bbDirecci\u00f3n\u00bb image=\u00bbhttps:\/\/chingudojo.com\/wp-content\/uploads\/2023\/02\/ngo-icon-17.png\u00bb icon_placement=\u00bbleft\u00bb image_icon_width=\u00bb80px\u00bb content_max_width=\u00bb100%\u00bb _builder_version=\u00bb4.16&#8243; _module_preset=\u00bb79535ac0-1492-4af9-aede-063513b7358b\u00bb header_font=\u00bbDM Sans||||||||\u00bb header_text_color=\u00bb#6b8483&#8243; header_font_size=\u00bb16px\u00bb header_letter_spacing=\u00bb1px\u00bb header_line_height=\u00bb1.3em\u00bb body_font=\u00bbDM Sans|700|||||||\u00bb body_text_color=\u00bb#093532&#8243; body_font_size=\u00bb13px\u00bb body_link_text_color=\u00bb#0F393B\u00bb animation=\u00bboff\u00bb image_max_width=\u00bb80px\u00bb locked=\u00bboff\u00bb global_colors_info=\u00bb{}\u00bb]<\/p>\n<p><span>Jorge A. Calle 66,<br \/>Ciudad, Mendoza<\/span><\/p>\n<p>[\/et_pb_blurb][\/et_pb_column][\/et_pb_row][\/et_pb_section]<\/p>\n","protected":false},"excerpt":{"rendered":"<p>Nuestra asociaci\u00f3nAMDEP &amp; PRESSomos una Asociaci\u00f3n sin fines de lucro. Transmitimos la ense\u00f1anza de defensa personal y prevenci\u00f3n en seguridad a trav\u00e9s de nuestro dojo \u00abChingu\u00bb desde una \u00f3ptica distinta, porque nos basamos en resaltar los valores y derechos humanos, el marco legal y la autodisciplina entre otros. Nuestros valores:Promover y ense\u00f1ar t\u00e9cnicas de autodefensa, [&hellip;]<\/p>\n","protected":false},"author":2,"featured_media":0,"parent":0,"menu_order":0,"comment_status":"closed","ping_status":"closed","template":"","meta":{"_et_pb_use_builder":"on","_et_pb_old_content":"","_et_gb_content_width":"","footnotes":""},"class_list":["post-1296","page","type-page","status-publish","hentry"],"_links":{"self":[{"href":"https:\/\/chingudojo.com\/index.php\/wp-json\/wp\/v2\/pages\/1296","targetHints":{"allow":["GET"]}}],"collection":[{"href":"https:\/\/chingudojo.com\/index.php\/wp-json\/wp\/v2\/pages"}],"about":[{"href":"https:\/\/chingudojo.com\/index.php\/wp-json\/wp\/v2\/types\/page"}],"author":[{"embeddable":true,"href":"https:\/\/chingudojo.com\/index.php\/wp-json\/wp\/v2\/users\/2"}],"replies":[{"embeddable":true,"href":"https:\/\/chingudojo.com\/index.php\/wp-json\/wp\/v2\/comments?post=1296"}],"version-history":[{"count":10,"href":"https:\/\/chingudojo.com\/index.php\/wp-json\/wp\/v2\/pages\/1296\/revisions"}],"predecessor-version":[{"id":1331,"href":"https:\/\/chingudojo.com\/index.php\/wp-json\/wp\/v2\/pages\/1296\/revisions\/1331"}],"wp:attachment":[{"href":"https:\/\/chingudojo.com\/index.php\/wp-json\/wp\/v2\/media?parent=1296"}],"curies":[{"name":"wp","href":"https:\/\/api.w.org\/{rel}","templated":true}]}}