{"id":59,"date":"2023-01-19T16:16:57","date_gmt":"2023-01-19T16:16:57","guid":{"rendered":"https:\/\/chingudojo.com\/?page_id=59"},"modified":"2023-02-07T04:08:25","modified_gmt":"2023-02-07T04:08:25","slug":"inscripcion","status":"publish","type":"page","link":"https:\/\/chingudojo.com\/index.php\/inscripcion\/","title":{"rendered":"Inscripci\u00f3n"},"content":{"rendered":"<p>[et_pb_section fb_built=\u00bb1&#8243; admin_label=\u00bbHeader\u00bb _builder_version=\u00bb4.16&#8243; _module_preset=\u00bbdefault\u00bb background_color=\u00bb#f2ebe4&#8243; global_colors_info=\u00bb{}\u00bb][et_pb_row column_structure=\u00bb1_2,1_2&#8243; _builder_version=\u00bb4.19.5&#8243; _module_preset=\u00bbdefault\u00bb custom_margin=\u00bb||75px||false|false\u00bb custom_margin_tablet=\u00bb||28px||false|false\u00bb custom_margin_phone=\u00bb||13px||false|false\u00bb custom_margin_last_edited=\u00bbon|phone\u00bb global_colors_info=\u00bb{}\u00bb][et_pb_column type=\u00bb1_2&#8243; _builder_version=\u00bb4.16&#8243; _module_preset=\u00bbdefault\u00bb global_colors_info=\u00bb{}\u00bb][et_pb_text _builder_version=\u00bb4.19.5&#8243; _module_preset=\u00bb534cc526-6274-4e31-9e1a-7f18a5947bf1&#8243; header_4_font=\u00bbDM Sans|700||on|||||\u00bb header_4_text_color=\u00bb#EF8451&#8243; header_4_font_size=\u00bb14px\u00bb header_4_letter_spacing=\u00bb1px\u00bb header_4_line_height=\u00bb1.5em\u00bb custom_margin=\u00bb||0px||false|false\u00bb animation_style=\u00bbslide\u00bb animation_direction=\u00bbleft\u00bb animation_intensity_slide=\u00bb5%\u00bb header_4_font_size_tablet=\u00bb14px\u00bb header_4_font_size_phone=\u00bb\u00bb header_4_font_size_last_edited=\u00bbon|tablet\u00bb locked=\u00bboff\u00bb global_colors_info=\u00bb{}\u00bb]<\/p>\n<h4>Dar el primer paso<\/h4>\n<p>[\/et_pb_text][et_pb_text _builder_version=\u00bb4.19.5&#8243; _module_preset=\u00bbdefault\u00bb text_font=\u00bbPoppins|600|||||||\u00bb text_text_color=\u00bb#3e2b2f\u00bb text_font_size=\u00bb56px\u00bb text_line_height=\u00bb1.2em\u00bb animation_style=\u00bbslide\u00bb animation_direction=\u00bbleft\u00bb animation_intensity_slide=\u00bb5%\u00bb text_font_size_tablet=\u00bb56px\u00bb text_font_size_phone=\u00bb46px\u00bb text_font_size_last_edited=\u00bbon|phone\u00bb header_font_size_tablet=\u00bb\u00bb header_font_size_phone=\u00bb\u00bb header_font_size_last_edited=\u00bbon|phone\u00bb global_colors_info=\u00bb{}\u00bb]<\/p>\n<p>\u00a1Quiero<br \/>Inscribirme!<\/p>\n<p>[\/et_pb_text][et_pb_text _builder_version=\u00bb4.19.5&#8243; _module_preset=\u00bb41d5859c-fbaa-458a-88e4-5d886857f235&#8243; text_font=\u00bbPoppins|300|||||||\u00bb text_text_color=\u00bb#0F393B\u00bb text_font_size=\u00bb18px\u00bb text_line_height=\u00bb1.8em\u00bb animation_style=\u00bbslide\u00bb animation_direction=\u00bbleft\u00bb animation_intensity_slide=\u00bb5%\u00bb hover_enabled=\u00bb0&#8243; text_font_size_tablet=\u00bb16px\u00bb text_font_size_phone=\u00bb14px\u00bb text_font_size_last_edited=\u00bbon|phone\u00bb locked=\u00bboff\u00bb global_colors_info=\u00bb{}\u00bb sticky_enabled=\u00bb0&#8243;]<\/p>\n<p><span style=\"color: #3e2b2f;\">Inscribirte en un dojo de artes marciales es una excelente manera de mejorar tu salud f\u00edsica y mental. Practicar artes marciales te ayudar\u00e1 a desarrollar habilidades como la concentraci\u00f3n, la autodisciplina y la confianza en ti mismo.<\/span><\/p>\n<p>[\/et_pb_text][\/et_pb_column][et_pb_column type=\u00bb1_2&#8243; _builder_version=\u00bb4.16&#8243; _module_preset=\u00bbdefault\u00bb background_color=\u00bb#FFFFFF\u00bb custom_padding=\u00bb40px|30px|40px|30px|true|true\u00bb custom_padding_tablet=\u00bb\u00bb custom_padding_phone=\u00bb|20px||20px|true|true\u00bb custom_padding_last_edited=\u00bbon|phone\u00bb border_radii=\u00bbon|26px|26px|26px|26px\u00bb box_shadow_style=\u00bbpreset3&#8243; box_shadow_vertical=\u00bb40px\u00bb box_shadow_blur=\u00bb60px\u00bb box_shadow_spread=\u00bb-10px\u00bb box_shadow_color=\u00bbrgba(3,86,92,0.1)\u00bb global_colors_info=\u00bb{}\u00bb][wpforms_selector form_id=\u00bb247&#8243; _builder_version=\u00bb4.19.5&#8243; _module_preset=\u00bbdefault\u00bb animation_style=\u00bbslide\u00bb animation_direction=\u00bbright\u00bb animation_intensity_slide=\u00bb5%\u00bb global_colors_info=\u00bb{}\u00bb][\/wpforms_selector][\/et_pb_column][\/et_pb_row][et_pb_row column_structure=\u00bb1_3,1_3,1_3&#8243; make_equal=\u00bbon\u00bb _builder_version=\u00bb4.19.5&#8243; _module_preset=\u00bbdefault\u00bb custom_margin=\u00bb||20px||false|false\u00bb animation_style=\u00bbslide\u00bb animation_direction=\u00bbbottom\u00bb animation_intensity_slide=\u00bb10%\u00bb global_colors_info=\u00bb{}\u00bb][et_pb_column type=\u00bb1_3&#8243; _builder_version=\u00bb4.16&#8243; _module_preset=\u00bbdefault\u00bb background_color=\u00bb#FFFFFF\u00bb custom_padding=\u00bb24px|20px|24px|20px|true|true\u00bb border_radii=\u00bbon|14px|14px|14px|14px\u00bb box_shadow_style=\u00bbpreset3&#8243; box_shadow_vertical=\u00bb40px\u00bb box_shadow_blur=\u00bb60px\u00bb box_shadow_spread=\u00bb-10px\u00bb box_shadow_color=\u00bbrgba(3,86,92,0.11)\u00bb global_colors_info=\u00bb{}\u00bb][et_pb_blurb title=\u00bbCorreo\u00bb image=\u00bbhttps:\/\/chingudojo.com\/wp-content\/uploads\/2023\/02\/ngo-icon-16.png\u00bb icon_placement=\u00bbleft\u00bb image_icon_width=\u00bb80px\u00bb content_max_width=\u00bb100%\u00bb _builder_version=\u00bb4.19.5&#8243; _module_preset=\u00bb79535ac0-1492-4af9-aede-063513b7358b\u00bb header_font=\u00bbDM Sans||||||||\u00bb header_text_color=\u00bb#6b8483&#8243; header_font_size=\u00bb16px\u00bb header_letter_spacing=\u00bb1px\u00bb header_line_height=\u00bb1.3em\u00bb body_font=\u00bbDM Sans|700|||||||\u00bb body_text_color=\u00bb#093532&#8243; body_font_size=\u00bb13px\u00bb body_link_text_color=\u00bb#0F393B\u00bb animation=\u00bboff\u00bb image_max_width=\u00bb80px\u00bb global_colors_info=\u00bb{}\u00bb]soporte@chingudojo.com[\/et_pb_blurb][\/et_pb_column][et_pb_column type=\u00bb1_3&#8243; _builder_version=\u00bb4.16&#8243; _module_preset=\u00bbdefault\u00bb background_color=\u00bb#FFFFFF\u00bb custom_padding=\u00bb24px|20px|24px|20px|true|true\u00bb border_radii=\u00bbon|14px|14px|14px|14px\u00bb box_shadow_style=\u00bbpreset3&#8243; box_shadow_vertical=\u00bb40px\u00bb box_shadow_blur=\u00bb60px\u00bb box_shadow_spread=\u00bb-10px\u00bb box_shadow_color=\u00bbrgba(3,86,92,0.11)\u00bb global_colors_info=\u00bb{}\u00bb][et_pb_blurb title=\u00bbTel\u00e9fono\u00bb image=\u00bbhttps:\/\/chingudojo.com\/wp-content\/uploads\/2023\/02\/ngo-icon-18.png\u00bb icon_placement=\u00bbleft\u00bb image_icon_width=\u00bb80px\u00bb content_max_width=\u00bb100%\u00bb _builder_version=\u00bb4.19.5&#8243; _module_preset=\u00bb79535ac0-1492-4af9-aede-063513b7358b\u00bb header_font=\u00bbDM Sans||||||||\u00bb header_text_color=\u00bb#6b8483&#8243; header_font_size=\u00bb16px\u00bb header_letter_spacing=\u00bb1px\u00bb header_line_height=\u00bb1.3em\u00bb body_font=\u00bbDM Sans|700|||||||\u00bb body_text_color=\u00bb#093532&#8243; body_font_size=\u00bb13px\u00bb body_link_text_color=\u00bb#0F393B\u00bb animation=\u00bboff\u00bb image_max_width=\u00bb80px\u00bb locked=\u00bboff\u00bb global_colors_info=\u00bb{}\u00bb](261) 254-3442[\/et_pb_blurb][\/et_pb_column][et_pb_column type=\u00bb1_3&#8243; _builder_version=\u00bb4.16&#8243; _module_preset=\u00bbdefault\u00bb background_color=\u00bb#FFFFFF\u00bb custom_padding=\u00bb24px|20px|24px|20px|true|true\u00bb border_radii=\u00bbon|14px|14px|14px|14px\u00bb box_shadow_style=\u00bbpreset3&#8243; box_shadow_vertical=\u00bb40px\u00bb box_shadow_blur=\u00bb60px\u00bb box_shadow_spread=\u00bb-10px\u00bb box_shadow_color=\u00bbrgba(3,86,92,0.11)\u00bb global_colors_info=\u00bb{}\u00bb][et_pb_blurb title=\u00bbDirecci\u00f3n\u00bb image=\u00bbhttps:\/\/chingudojo.com\/wp-content\/uploads\/2023\/02\/ngo-icon-17.png\u00bb icon_placement=\u00bbleft\u00bb image_icon_width=\u00bb80px\u00bb content_max_width=\u00bb100%\u00bb _builder_version=\u00bb4.16&#8243; _module_preset=\u00bb79535ac0-1492-4af9-aede-063513b7358b\u00bb header_font=\u00bbDM Sans||||||||\u00bb header_text_color=\u00bb#6b8483&#8243; header_font_size=\u00bb16px\u00bb header_letter_spacing=\u00bb1px\u00bb header_line_height=\u00bb1.3em\u00bb body_font=\u00bbDM Sans|700|||||||\u00bb body_text_color=\u00bb#093532&#8243; body_font_size=\u00bb13px\u00bb body_link_text_color=\u00bb#0F393B\u00bb animation=\u00bboff\u00bb image_max_width=\u00bb80px\u00bb locked=\u00bboff\u00bb global_colors_info=\u00bb{}\u00bb]<\/p>\n<p><span>Jorge A. Calle 66,<br \/>Ciudad, Mendoza<\/span><\/p>\n<p>[\/et_pb_blurb][\/et_pb_column][\/et_pb_row][\/et_pb_section]<\/p>\n","protected":false},"excerpt":{"rendered":"<p>Dar el primer paso\u00a1QuieroInscribirme!Inscribirte en un dojo de artes marciales es una excelente manera de mejorar tu salud f\u00edsica y mental. Practicar artes marciales te ayudar\u00e1 a desarrollar habilidades como la concentraci\u00f3n, la autodisciplina y la confianza en ti mismo.<div class=\"et_pb_module wpforms_selector wpforms_selector_0 et_animated\">\n\t\t\t\t\n\t\t\t\t\n\t\t\t\t\n\t\t\t\t\n\t\t\t\t\n\t\t\t\t\n\t\t\t\t<div class=\"et_pb_module_inner\">\n\t\t\t\t\t<div class=\"wpforms-container \" id=\"wpforms-247\"><form id=\"wpforms-form-247\" class=\"wpforms-validate wpforms-form\" data-formid=\"247\" method=\"post\" enctype=\"multipart\/form-data\" action=\"\/index.php\/wp-json\/wp\/v2\/pages\/59\" data-token=\"fb3e63bd795aab442dbb0a62986583bb\" data-token-time=\"1776602469\"><noscript class=\"wpforms-error-noscript\">Por favor, activa JavaScript en tu navegador para completar este formulario.<\/noscript><div class=\"wpforms-field-container\"><div id=\"wpforms-247-field_0-container\" class=\"wpforms-field wpforms-field-name\" data-field-id=\"0\"><label class=\"wpforms-field-label\">Nombre <span class=\"wpforms-required-label\">*<\/span><\/label><div class=\"wpforms-field-row wpforms-field-large\"><div class=\"wpforms-field-row-block wpforms-first wpforms-one-half\"><input type=\"text\" id=\"wpforms-247-field_0\" class=\"wpforms-field-name-first wpforms-field-required\" name=\"wpforms[fields][0][first]\" required><label for=\"wpforms-247-field_0\" class=\"wpforms-field-sublabel after\">Nombre<\/label><\/div><div class=\"wpforms-field-row-block wpforms-one-half\"><input type=\"text\" id=\"wpforms-247-field_0-last\" class=\"wpforms-field-name-last wpforms-field-required\" name=\"wpforms[fields][0][last]\" required><label for=\"wpforms-247-field_0-last\" class=\"wpforms-field-sublabel after\">Apellidos<\/label><\/div><\/div><\/div><div id=\"wpforms-247-field_5-container\" class=\"wpforms-field wpforms-field-number\" data-field-id=\"5\"><label class=\"wpforms-field-label\" for=\"wpforms-247-field_5\">Tel\u00e9fono<\/label><input type=\"number\" id=\"wpforms-247-field_5\" class=\"wpforms-field-large\" name=\"wpforms[fields][5]\" step=\"any\" ><\/div><div id=\"wpforms-247-field_1-container\" class=\"wpforms-field wpforms-field-email\" data-field-id=\"1\"><label class=\"wpforms-field-label\" for=\"wpforms-247-field_1\">Email <span class=\"wpforms-required-label\">*<\/span><\/label><input type=\"email\" id=\"wpforms-247-field_1\" class=\"wpforms-field-large wpforms-field-required\" name=\"wpforms[fields][1]\" spellcheck=\"false\" required><\/div><div id=\"wpforms-247-field_7-container\" class=\"wpforms-field wpforms-field-text\" data-field-id=\"7\"><label class=\"wpforms-field-label\" for=\"wpforms-247-field_7\">Domicilio <span class=\"wpforms-required-label\">*<\/span><\/label><input type=\"text\" id=\"wpforms-247-field_7\" class=\"wpforms-field-large wpforms-field-required\" name=\"wpforms[fields][7]\" required><\/div><div id=\"wpforms-247-field_8-container\" class=\"wpforms-field wpforms-field-select wpforms-field-select-style-classic\" data-field-id=\"8\"><label class=\"wpforms-field-label\" for=\"wpforms-247-field_8\">Actividad <span class=\"wpforms-required-label\">*<\/span><\/label><select id=\"wpforms-247-field_8\" class=\"wpforms-field-large wpforms-field-required\" name=\"wpforms[fields][8]\" required=\"required\"><option value=\"Taekwondo\"  class=\"choice-1 depth-1\"  >Taekwondo<\/option><option value=\"Aikido\"  class=\"choice-2 depth-1\"  >Aikido<\/option><option value=\"Defensa Personal\"  class=\"choice-3 depth-1\"  >Defensa Personal<\/option><\/select><\/div><div id=\"wpforms-247-field_2-container\" class=\"wpforms-field wpforms-field-textarea\" data-field-id=\"2\"><label class=\"wpforms-field-label\" for=\"wpforms-247-field_2\">Mensaje (opcional)<\/label><textarea id=\"wpforms-247-field_2\" class=\"wpforms-field-medium\" name=\"wpforms[fields][2]\" ><\/textarea><\/div><\/div><!-- .wpforms-field-container --><div class=\"wpforms-recaptcha-container wpforms-is-recaptcha wpforms-is-recaptcha-type-v2\" ><div class=\"g-recaptcha\" data-sitekey=\"6LcPAZ8lAAAAAGFsydzOOodmrD61UHr0Lr4MvDUX\"><\/div><input type=\"text\" name=\"g-recaptcha-hidden\" class=\"wpforms-recaptcha-hidden\" style=\"position:absolute!important;clip:rect(0,0,0,0)!important;height:1px!important;width:1px!important;border:0!important;overflow:hidden!important;padding:0!important;margin:0!important;\" data-rule-recaptcha=\"1\"><\/div><div class=\"wpforms-submit-container\" ><input type=\"hidden\" name=\"wpforms[id]\" value=\"247\"><input type=\"hidden\" name=\"page_title\" value=\"\"><input type=\"hidden\" name=\"page_url\" value=\"https:\/\/chingudojo.com\/index.php\/wp-json\/wp\/v2\/pages\/59\"><input type=\"hidden\" name=\"url_referer\" value=\"\"><button type=\"submit\" name=\"wpforms[submit]\" id=\"wpforms-submit-247\" class=\"wpforms-submit\" data-alt-text=\"Enviando...\" data-submit-text=\"\u00a1Inscribirme!\" aria-live=\"assertive\" value=\"wpforms-submit\">\u00a1Inscribirme!<\/button><\/div><\/form><\/div>  <!-- .wpforms-container -->\n\t\t\t\t<\/div>\n\t\t\t<\/div>soporte@chingudojo.com(261) 254-3442Jorge A. Calle 66,Ciudad, Mendoza<\/p>\n","protected":false},"author":2,"featured_media":0,"parent":0,"menu_order":0,"comment_status":"closed","ping_status":"closed","template":"","meta":{"_et_pb_use_builder":"on","_et_pb_old_content":"<style>\/*! elementor - v3.10.1 - 17-01-2023 *\/\n.elementor-heading-title{padding:0;margin:0;line-height:1}.elementor-widget-heading .elementor-heading-title[class*=elementor-size-]>a{color:inherit;font-size:inherit;line-height:inherit}.elementor-widget-heading .elementor-heading-title.elementor-size-small{font-size:15px}.elementor-widget-heading .elementor-heading-title.elementor-size-medium{font-size:19px}.elementor-widget-heading .elementor-heading-title.elementor-size-large{font-size:29px}.elementor-widget-heading .elementor-heading-title.elementor-size-xl{font-size:39px}.elementor-widget-heading .elementor-heading-title.elementor-size-xxl{font-size:59px}<\/style><h1>Inscripci\u00f3n<\/h1>\t\t\n\t\t<p style=\"text-align: center;\">\u00a1Con tu inscripci\u00f3n ten\u00e9s el 50% de descuento el primer mes de pr\u00e1ctica!<br \/>A dem\u00e1s te enviaremos por mail contenido te\u00f3rico de Taekwondo, aikido y defensa personal.<\/p><p>Para Inscribirte es necesario que llen\u00e9s nuestra ficha de inscripci\u00f3n as\u00ed tendremos ya tus datos en el sistema.<\/p>[wpforms id=\"247\" title=\"false\" description=\"false\"]","_et_gb_content_width":"","footnotes":""},"class_list":["post-59","page","type-page","status-publish","hentry"],"_links":{"self":[{"href":"https:\/\/chingudojo.com\/index.php\/wp-json\/wp\/v2\/pages\/59","targetHints":{"allow":["GET"]}}],"collection":[{"href":"https:\/\/chingudojo.com\/index.php\/wp-json\/wp\/v2\/pages"}],"about":[{"href":"https:\/\/chingudojo.com\/index.php\/wp-json\/wp\/v2\/types\/page"}],"author":[{"embeddable":true,"href":"https:\/\/chingudojo.com\/index.php\/wp-json\/wp\/v2\/users\/2"}],"replies":[{"embeddable":true,"href":"https:\/\/chingudojo.com\/index.php\/wp-json\/wp\/v2\/comments?post=59"}],"version-history":[{"count":31,"href":"https:\/\/chingudojo.com\/index.php\/wp-json\/wp\/v2\/pages\/59\/revisions"}],"predecessor-version":[{"id":1183,"href":"https:\/\/chingudojo.com\/index.php\/wp-json\/wp\/v2\/pages\/59\/revisions\/1183"}],"wp:attachment":[{"href":"https:\/\/chingudojo.com\/index.php\/wp-json\/wp\/v2\/media?parent=59"}],"curies":[{"name":"wp","href":"https:\/\/api.w.org\/{rel}","templated":true}]}}